{"id":162,"date":"2019-02-23T09:22:34","date_gmt":"2019-02-23T07:22:34","guid":{"rendered":"https:\/\/autocar4rent.com\/?page_id=162"},"modified":"2019-02-23T09:22:34","modified_gmt":"2019-02-23T07:22:34","slug":"home","status":"publish","type":"page","link":"https:\/\/autocar4rent.com\/it\/","title":{"rendered":"Home"},"content":{"rendered":"<div class=\"container\"><h1 class=\"text-center entry-title\"> AutoCar4Rent \u2013 Kefalonia's Best Car Rental<\/h1><div class=\"myDivider\"><\/div><p class=\"text-center\">Cefalonia \u00e8 la sesta pi\u00f9 grande e la pi\u00f9 intatta delle isole greche. La sua rete stradale \u00e8 composta da uniche strade di montagna e da bellissime strade costiere. Lungo la strada potrete scoprire villaggi pittoreschi, musei, monasteri, promontori, spiagge appartate e naturalmente spiagge di classe mondiale. Quale modo migliore per esplorare tutto ci\u00f2 che Cefalonia ha da offrire che noleggiare una macchina sicura, di qualit\u00e0 ed economica da noi! Ci troviamo ad Argostoli, il capoluogo di Cefalonia. La nostra azienda famigliare con la nostra ospitalit\u00e0, sar\u00e0 al vostro fianco per rendere le vostre vacanze indimenticabili quanto basta, per visitarci di nuovo!<\/p><\/div> &nbsp;<div class=\"diagonialReverse\"><\/div>\r\n                     <div class=\"homeFullWidth\">\r\n                        <div class=\"container\">\r\n                                <h2>Veicoli sicuri e ben tenuti<\/h2>\r\n                                <p>Tutte le tasse incluse - Nessun costo nascosto.<\/p>\r\n                        <\/div>\r\n                     <\/div>       \r\n                    \r\n                     <div class=\"diagonial\"><\/div>\r\n                     <div class=\"container featuredCars\">\r\n                        <h2 class=\"text-right\">Trova l'auto giusta per le tue esigenze<\/h2>\r\n                        <p class=\"text-right\">Controlla la nostra flotta e trova l'auto con le caratteristiche che soddisfano le tue esigenze<\/p>\r\n                        &nbsp;\r\n                        <div class=\"row\">\r\n                           \r\n            <div class=\"col-lg-3 col-md-6 col-xs-12 mb-lg-0 mb-md-5 mb-sm-5 mb-5\">\r\n                <div class=\"carCat\">Category A<\/div>\r\n                <div class=\"carBand\">Skoda Citigo<\/div>\r\n                <img src=\"https:\/\/autocar4rent.com\/wp-content\/uploads\/2019\/02\/skoda_citigo_350x200.png\" alt=\" Skoda Citigo\" width=\"350\" height=\"200\" class=\"aligncenter size-full wp-image-51\" \/>                  \r\n                <div class=\"featuredPrice\">*a partire dal 64,00\u20ac\/giorno <\/div>               \r\n            <\/div> \r\n        \r\n            <div class=\"col-lg-3 col-md-6 col-xs-12 mb-lg-0 mb-md-5 mb-sm-5 mb-5\">\r\n                <div class=\"carCat\"><\/div>\r\n                <div class=\"carBand\"><\/div>\r\n                <img src=\"\" alt=\" \" width=\"350\" height=\"200\" class=\"aligncenter size-full wp-image-51\" \/>                  \r\n                <div class=\"featuredPrice\">*a partire dal 0,00\u20ac\/giorno <\/div>               \r\n            <\/div> \r\n        \r\n            <div class=\"col-lg-3 col-md-6 col-xs-12 mb-lg-0 mb-md-5 mb-sm-5 mb-5\">\r\n                <div class=\"carCat\">Category B<\/div>\r\n                <div class=\"carBand\">Opel Corsa<\/div>\r\n                <img src=\"https:\/\/autocar4rent.com\/wp-content\/uploads\/2019\/01\/opel_corsa_350x200.png\" alt=\" Opel Corsa\" width=\"350\" height=\"200\" class=\"aligncenter size-full wp-image-51\" \/>                  \r\n                <div class=\"featuredPrice\">*a partire dal 74,00\u20ac\/giorno <\/div>               \r\n            <\/div> \r\n        \r\n            <div class=\"col-lg-3 col-md-6 col-xs-12 mb-lg-0 mb-md-5 mb-sm-5 mb-5\">\r\n                <div class=\"carCat\">Category D<\/div>\r\n                <div class=\"carBand\">Citroen C3 Automatic<\/div>\r\n                <img src=\"https:\/\/autocar4rent.com\/wp-content\/uploads\/2019\/01\/citroen_c3_350x200.png\" alt=\" Citroen C3 Automatic\" width=\"350\" height=\"200\" class=\"aligncenter size-full wp-image-51\" \/>                  \r\n                <div class=\"featuredPrice\">*a partire dal 82,00\u20ac\/giorno <\/div>               \r\n            <\/div> \r\n                               \r\n                        <\/div>\r\n                        &nbsp;\r\n                        <div class=\"text-center\"><a type=\"button\" class=\"btn btn-primary\" role=\"button\" href=\"https:\/\/autocar4rent.com\/it\/flotta\/\">La nostra flotta<\/a><\/div>\r\n                     <\/div> \r\n                        \n","protected":false},"excerpt":{"rendered":"<p>La nostra azienda si trova nella capitale di Cefalonia, Argostoli. Saremo al vostro fianco in modo da rendere il vostro giro di qualit\u00e0, sicuro, un emozionante ed economico.<\/p>\n","protected":false},"author":1,"featured_media":95,"parent":0,"menu_order":0,"comment_status":"closed","ping_status":"closed","template":"page-Homepage.php","meta":[],"acf":[],"_links":{"self":[{"href":"https:\/\/autocar4rent.com\/it\/wp-json\/wp\/v2\/pages\/162"}],"collection":[{"href":"https:\/\/autocar4rent.com\/it\/wp-json\/wp\/v2\/pages"}],"about":[{"href":"https:\/\/autocar4rent.com\/it\/wp-json\/wp\/v2\/types\/page"}],"author":[{"embeddable":true,"href":"https:\/\/autocar4rent.com\/it\/wp-json\/wp\/v2\/users\/1"}],"replies":[{"embeddable":true,"href":"https:\/\/autocar4rent.com\/it\/wp-json\/wp\/v2\/comments?post=162"}],"version-history":[{"count":0,"href":"https:\/\/autocar4rent.com\/it\/wp-json\/wp\/v2\/pages\/162\/revisions"}],"wp:featuredmedia":[{"embeddable":true,"href":"https:\/\/autocar4rent.com\/it\/wp-json\/wp\/v2\/media\/95"}],"wp:attachment":[{"href":"https:\/\/autocar4rent.com\/it\/wp-json\/wp\/v2\/media?parent=162"}],"curies":[{"name":"wp","href":"https:\/\/api.w.org\/{rel}","templated":true}]}}